{"id":2,"date":"2022-02-01T15:54:26","date_gmt":"2022-02-01T15:54:26","guid":{"rendered":"https:\/\/kietol.es\/?page_id=2"},"modified":"2025-02-19T09:23:24","modified_gmt":"2025-02-19T09:23:24","slug":"inicio","status":"publish","type":"page","link":"https:\/\/kietol.es\/en\/","title":{"rendered":"Home"},"content":{"rendered":"<div data-elementor-type=\"wp-page\" data-elementor-id=\"2\" class=\"elementor elementor-2\" data-elementor-post-type=\"page\">\n\t\t\t\t\t\t<section class=\"elementor-section elementor-top-section elementor-element elementor-element-721fbcf7 elementor-section-boxed elementor-section-height-default elementor-section-height-default elementor-invisible\" data-id=\"721fbcf7\" data-element_type=\"section\" data-settings=\"{&quot;animation&quot;:&quot;fadeIn&quot;}\">\n\t\t\t\t\t\t\t<div class=\"elementor-background-overlay\"><\/div>\n\t\t\t\t\t\t\t<div class=\"elementor-container elementor-column-gap-default\">\n\t\t\t\t\t<div class=\"elementor-column elementor-col-100 elementor-top-column elementor-element elementor-element-37d6aec6\" data-id=\"37d6aec6\" data-element_type=\"column\">\n\t\t\t<div class=\"elementor-widget-wrap elementor-element-populated\">\n\t\t\t\t\t\t<div class=\"elementor-element elementor-element-ffa2738 elementor-widget elementor-widget-heading\" data-id=\"ffa2738\" data-element_type=\"widget\" data-widget_type=\"heading.default\">\n\t\t\t\t<div class=\"elementor-widget-container\">\n\t\t\t<h1 class=\"elementor-heading-title elementor-size-default\">Bienvenidos a la p\u00e1gina oficial de Kietol Design &amp; Projects<\/h1>\t\t<\/div>\n\t\t\t\t<\/div>\n\t\t\t\t<div class=\"elementor-element elementor-element-d052904 elementor-widget elementor-widget-text-editor\" data-id=\"d052904\" data-element_type=\"widget\" data-widget_type=\"text-editor.default\">\n\t\t\t\t<div class=\"elementor-widget-container\">\n\t\t\t\t\t\t\t<p class=\"has-text-align-center\"><strong><em>Kietol D&amp;P<\/em><\/strong> arises from the need to fill a gap in the world of web design: <mark class=\"has-inline-color has-vivid-red-color\" style=\"background-color: rgba(0, 0, 0, 0);\"><u>EMPATHY<\/u><\/mark><\/p>\t\t\t\t\t\t<\/div>\n\t\t\t\t<\/div>\n\t\t\t\t<div class=\"elementor-element elementor-element-fa6e3d9 elementor-invisible elementor-widget elementor-widget-image\" data-id=\"fa6e3d9\" data-element_type=\"widget\" data-settings=\"{&quot;_animation&quot;:&quot;fadeIn&quot;}\" data-widget_type=\"image.default\">\n\t\t\t\t<div class=\"elementor-widget-container\">\n\t\t\t\t\t\t\t\t\t\t\t\t\t<img decoding=\"async\" width=\"299\" height=\"114\" src=\"https:\/\/kietol.es\/wp-content\/uploads\/2022\/02\/perfect.png\" class=\"attachment-large size-large wp-image-36\" alt=\"perfecto logo\" \/>\t\t\t\t\t\t\t\t\t\t\t\t\t<\/div>\n\t\t\t\t<\/div>\n\t\t\t\t<div class=\"elementor-element elementor-element-5d1d398 elementor-widget elementor-widget-text-editor\" data-id=\"5d1d398\" data-element_type=\"widget\" data-widget_type=\"text-editor.default\">\n\t\t\t\t<div class=\"elementor-widget-container\">\n\t\t\t\t\t\t\t<p align=\"justify\">On countless situations, the pages load slowly, have typographical errors, irregular structure, adaptability problems, and a long etcetera.<\/p>\t\t\t\t\t\t<\/div>\n\t\t\t\t<\/div>\n\t\t\t\t<div class=\"elementor-element elementor-element-e036a99 elementor-invisible elementor-widget elementor-widget-image\" data-id=\"e036a99\" data-element_type=\"widget\" data-settings=\"{&quot;_animation&quot;:&quot;fadeIn&quot;}\" data-widget_type=\"image.default\">\n\t\t\t\t<div class=\"elementor-widget-container\">\n\t\t\t\t\t\t\t\t\t\t\t\t\t<img fetchpriority=\"high\" decoding=\"async\" width=\"500\" height=\"357\" src=\"https:\/\/kietol.es\/wp-content\/uploads\/2022\/02\/error.jpg\" class=\"attachment-large size-large wp-image-41\" alt=\"Error\" srcset=\"https:\/\/kietol.es\/wp-content\/uploads\/2022\/02\/error.jpg 500w, https:\/\/kietol.es\/wp-content\/uploads\/2022\/02\/error-416x297.jpg 416w, https:\/\/kietol.es\/wp-content\/uploads\/2022\/02\/error-300x214.jpg 300w\" sizes=\"(max-width: 500px) 100vw, 500px\" \/>\t\t\t\t\t\t\t\t\t\t\t\t\t<\/div>\n\t\t\t\t<\/div>\n\t\t\t\t<div class=\"elementor-element elementor-element-7079864 elementor-widget elementor-widget-text-editor\" data-id=\"7079864\" data-element_type=\"widget\" data-widget_type=\"text-editor.default\">\n\t\t\t\t<div class=\"elementor-widget-container\">\n\t\t\t\t\t\t\t<p align=\"justify\">For that it was born, based in Taiwan but with a Spanish team, <strong><em>Kietol Design &amp; Projects<\/em><\/strong>. Finally what your brand needs, a partner instead of a developer.<\/p>\t\t\t\t\t\t<\/div>\n\t\t\t\t<\/div>\n\t\t\t\t<div class=\"elementor-element elementor-element-7d7dd2b elementor-invisible elementor-widget elementor-widget-image\" data-id=\"7d7dd2b\" data-element_type=\"widget\" data-settings=\"{&quot;_animation&quot;:&quot;fadeIn&quot;}\" data-widget_type=\"image.default\">\n\t\t\t\t<div class=\"elementor-widget-container\">\n\t\t\t\t\t\t\t\t\t\t\t\t\t<img decoding=\"async\" width=\"640\" height=\"392\" src=\"https:\/\/kietol.es\/wp-content\/uploads\/2022\/02\/ayuda.jpg\" class=\"attachment-large size-large wp-image-44\" alt=\"Ayuda\" srcset=\"https:\/\/kietol.es\/wp-content\/uploads\/2022\/02\/ayuda.jpg 640w, https:\/\/kietol.es\/wp-content\/uploads\/2022\/02\/ayuda-600x368.jpg 600w, https:\/\/kietol.es\/wp-content\/uploads\/2022\/02\/ayuda-300x184.jpg 300w\" sizes=\"(max-width: 640px) 100vw, 640px\" \/>\t\t\t\t\t\t\t\t\t\t\t\t\t<\/div>\n\t\t\t\t<\/div>\n\t\t\t\t<div class=\"elementor-element elementor-element-8bb6f46 elementor-widget elementor-widget-text-editor\" data-id=\"8bb6f46\" data-element_type=\"widget\" data-widget_type=\"text-editor.default\">\n\t\t\t\t<div class=\"elementor-widget-container\">\n\t\t\t\t\t\t\t<p><!-- \/wp:image --><\/p>\n<p style=\"text-align: justify;\">With this introduction, we create ourselves an added pressure, but working under pressure is what motivates us and pushes us to continue improving. Many clients pull their hair out when we analyze their website, and show them that they could have something better. It doesn't matter, we are always on time to correct everything. But\u2026let's get to the point. If your company or business needs:<\/p>\n<ol style=\"text-align: justify;\">\n<li>Be present on the internet.<\/li>\n<li>Have a correct design without errors.<\/li>\n<li>Being able to trust once and for all in this crazy Internet world.<\/li>\n<\/ol>\n<p>\u00a0<\/p>\n<p style=\"text-align: center;\"><u><strong>Kietol D&amp;P opens the door to the future, hoping to help you.<\/strong><\/u><\/p>\n<p style=\"text-align: justify;\">\u201cWe will not do what we do not want to be done to us. Empathy is our flagship. In <em><strong>Kietol Designs &amp; Projects<\/strong><\/em>, we take care of you and your interests.\u201d<\/p>\n<p style=\"text-align: justify;\"><!-- \/wp:paragraph --><\/p>\n<p style=\"text-align: justify;\"><!-- wp:paragraph --><\/p>\n<p style=\"text-align: center;\">Albert Colldeforns. <strong><em>Kietol D&amp;P<\/em><\/strong> CEO.<\/p>\n<p><!-- \/wp:paragraph --><\/p>\t\t\t\t\t\t<\/div>\n\t\t\t\t<\/div>\n\t\t\t\t\t<\/div>\n\t\t<\/div>\n\t\t\t\t\t<\/div>\n\t\t<\/section>\n\t\t<div class=\"elementor-element elementor-element-1371f01 e-flex e-con-boxed e-con e-parent\" data-id=\"1371f01\" data-element_type=\"container\">\n\t\t\t\t\t<div class=\"e-con-inner\">\n\t\t\t\t<div class=\"elementor-element elementor-element-d1001d1 elementor-widget elementor-widget-html\" data-id=\"d1001d1\" data-element_type=\"widget\" data-widget_type=\"html.default\">\n\t\t\t\t<div class=\"elementor-widget-container\">\n\t\t\t<!-- Start of kietol Zendesk Widget script -->\r\n<script id=\"ze-snippet\" src=\"https:\/\/static.zdassets.com\/ekr\/snippet.js?key=fa37d2b2-0907-48b5-a544-36c54901492e\"> <\/script>\r\n<!-- End of kietol Zendesk Widget script -->\t\t<\/div>\n\t\t\t\t<\/div>\n\t\t\t\t\t<\/div>\n\t\t\t\t<\/div>\n\t\t\t\t<\/div>\n\t\t\n    <div class=\"xs_social_share_widget xs_share_url after_content \t\tmain_content  wslu-style-1 wslu-share-box-shaped wslu-fill-colored wslu-none wslu-share-horizontal wslu-theme-font-no wslu-main_content\">\n\n\t\t\n        <ul>\n\t\t\t        <\/ul>\n    <\/div>","protected":false},"excerpt":{"rendered":"<p>Bienvenidos a la p\u00e1gina oficial de Kietol Design &amp; Projects Kietol D&amp;P surge de la necesidad de cubrir un vac\u00edo en el mundo del dise\u00f1o web: LA EMPAT\u00cdA En innumerables ocasiones, las p\u00e1ginas cargan lentas, tienen errores tipogr\u00e1ficos, estructura irregular, problemas de adaptabilidad, y un largo etc\u00e9tera. Para eso nace, con sede en Taiw\u00e1n pero [&hellip;]<\/p>","protected":false},"author":2,"featured_media":12,"parent":0,"menu_order":0,"comment_status":"closed","ping_status":"closed","template":"","meta":{"_joinchat":[],"footnotes":""},"class_list":["post-2","page","type-page","status-publish","has-post-thumbnail","hentry"],"aioseo_notices":[],"_links":{"self":[{"href":"https:\/\/kietol.es\/en\/wp-json\/wp\/v2\/pages\/2","targetHints":{"allow":["GET"]}}],"collection":[{"href":"https:\/\/kietol.es\/en\/wp-json\/wp\/v2\/pages"}],"about":[{"href":"https:\/\/kietol.es\/en\/wp-json\/wp\/v2\/types\/page"}],"author":[{"embeddable":true,"href":"https:\/\/kietol.es\/en\/wp-json\/wp\/v2\/users\/2"}],"replies":[{"embeddable":true,"href":"https:\/\/kietol.es\/en\/wp-json\/wp\/v2\/comments?post=2"}],"version-history":[{"count":6,"href":"https:\/\/kietol.es\/en\/wp-json\/wp\/v2\/pages\/2\/revisions"}],"predecessor-version":[{"id":869,"href":"https:\/\/kietol.es\/en\/wp-json\/wp\/v2\/pages\/2\/revisions\/869"}],"wp:featuredmedia":[{"embeddable":true,"href":"https:\/\/kietol.es\/en\/wp-json\/wp\/v2\/media\/12"}],"wp:attachment":[{"href":"https:\/\/kietol.es\/en\/wp-json\/wp\/v2\/media?parent=2"}],"curies":[{"name":"wp","href":"https:\/\/api.w.org\/{rel}","templated":true}]}}